{"id":220,"date":"2025-09-23T14:51:43","date_gmt":"2025-09-23T12:51:43","guid":{"rendered":"https:\/\/www.vitaliserleers.fr\/?page_id=220"},"modified":"2025-09-23T14:51:43","modified_gmt":"2025-09-23T12:51:43","slug":"mentions-legales","status":"publish","type":"page","link":"https:\/\/www.vitaliserleers.fr\/index.php\/mentions-legales\/","title":{"rendered":"Mentions l\u00e9gales"},"content":{"rendered":"\n<h4 class=\"wp-block-heading\">1. \u00c9diteur du site<\/h4>\n\n\n\n<p><strong>Nom du parti politique :<\/strong> VITALISER LEERS<\/p>\n\n\n\n<p><strong>Adresse du si\u00e8ge social :<\/strong> [Adresse du si\u00e8ge social du parti politique]<\/p>\n\n\n\n<p><strong>T\u00e9l\u00e9phone :<\/strong> 06 15 41 04 94<\/p>\n\n\n\n<p><strong>E-mail :<\/strong> mathieu.johnston@gmail.com<\/p>\n\n\n\n<p><strong>Directeur de la publication :<\/strong> Mathieu JOHNSTON<\/p>\n\n\n\n<h4 class=\"wp-block-heading\">2. H\u00e9bergement<\/h4>\n\n\n\n<p><strong>Nom de l&rsquo;h\u00e9bergeur :<\/strong> OVH SAS<\/p>\n\n\n\n<p><strong>Adresse de l&rsquo;h\u00e9bergeur :<\/strong> 2 rue Kellermann &#8211; 59100 Roubaix &#8211; France<\/p>\n\n\n\n<h4 class=\"wp-block-heading\">3. Propri\u00e9t\u00e9 intellectuelle et reproduction<\/h4>\n\n\n\n<p>Le contenu de ce site (textes, images, vid\u00e9os, etc.) est la propri\u00e9t\u00e9 exclusive de Vitaliser Leers, sauf mention contraire. Toute reproduction, repr\u00e9sentation, modification, publication, adaptation de tout ou partie des \u00e9l\u00e9ments du site, quel que soit le moyen ou le proc\u00e9d\u00e9 utilis\u00e9, est interdite, sauf autorisation \u00e9crite pr\u00e9alable de Vitaliser Leers.<\/p>\n\n\n\n<h4 class=\"wp-block-heading\">4. Donn\u00e9es personnelles<\/h4>\n\n\n\n<p>Les informations collect\u00e9es via les formulaires du site sont enregistr\u00e9es dans un fichier informatis\u00e9 par Vitaliser Leers pour la gestion des contacts, l&rsquo;envoi de newsletters et le traitement des adh\u00e9sions ou des dons.<\/p>\n\n\n\n<p>Conform\u00e9ment \u00e0 la loi \u00ab\u00a0informatique et libert\u00e9s\u00a0\u00bb et au R\u00e8glement G\u00e9n\u00e9ral sur la Protection des Donn\u00e9es (RGPD), vous disposez d&rsquo;un droit d&rsquo;acc\u00e8s, de rectification, de suppression et d&rsquo;opposition aux donn\u00e9es vous concernant. Pour exercer ces droits, veuillez nous contacter \u00e0 l&rsquo;adresse suivante : mathieu.johnston@gmail.com<\/p>\n\n\n\n<h4 class=\"wp-block-heading\">5. Cookies<\/h4>\n\n\n\n<p>Ce site utilise des cookies. Un cookie est un petit fichier texte stock\u00e9 sur votre ordinateur. Nous utilisons des cookies pour am\u00e9liorer l&rsquo;exp\u00e9rience utilisateur. Vous avez la possibilit\u00e9 de d\u00e9sactiver les cookies via les param\u00e8tres de votre navigateur.<\/p>\n\n\n\n<p><\/p>\n","protected":false},"excerpt":{"rendered":"<p>1. \u00c9diteur du site Nom du parti politique : VITALISER LEERS Adresse du si\u00e8ge social : [Adresse du si\u00e8ge social du parti politique] T\u00e9l\u00e9phone : 06 15 41 04 94 [&hellip;]<\/p>\n","protected":false},"author":2,"featured_media":0,"parent":0,"menu_order":0,"comment_status":"closed","ping_status":"closed","template":"","meta":{"saved_in_kubio":false,"_monsterinsights_skip_tracking":false,"_monsterinsights_sitenote_active":false,"_monsterinsights_sitenote_note":"","_monsterinsights_sitenote_category":0,"footnotes":""},"class_list":["post-220","page","type-page","status-publish","hentry"],"kubio_ai_page_context":{"short_desc":"","purpose":"general"},"_links":{"self":[{"href":"https:\/\/www.vitaliserleers.fr\/index.php\/wp-json\/wp\/v2\/pages\/220","targetHints":{"allow":["GET"]}}],"collection":[{"href":"https:\/\/www.vitaliserleers.fr\/index.php\/wp-json\/wp\/v2\/pages"}],"about":[{"href":"https:\/\/www.vitaliserleers.fr\/index.php\/wp-json\/wp\/v2\/types\/page"}],"author":[{"embeddable":true,"href":"https:\/\/www.vitaliserleers.fr\/index.php\/wp-json\/wp\/v2\/users\/2"}],"replies":[{"embeddable":true,"href":"https:\/\/www.vitaliserleers.fr\/index.php\/wp-json\/wp\/v2\/comments?post=220"}],"version-history":[{"count":1,"href":"https:\/\/www.vitaliserleers.fr\/index.php\/wp-json\/wp\/v2\/pages\/220\/revisions"}],"predecessor-version":[{"id":221,"href":"https:\/\/www.vitaliserleers.fr\/index.php\/wp-json\/wp\/v2\/pages\/220\/revisions\/221"}],"wp:attachment":[{"href":"https:\/\/www.vitaliserleers.fr\/index.php\/wp-json\/wp\/v2\/media?parent=220"}],"curies":[{"name":"wp","href":"https:\/\/api.w.org\/{rel}","templated":true}]}}